{"id":9,"date":"2022-02-16T10:09:12","date_gmt":"2022-02-16T10:09:12","guid":{"rendered":"http:\/\/hellegransgaard.dk\/?page_id=9"},"modified":"2025-10-02T15:05:36","modified_gmt":"2025-10-02T15:05:36","slug":"styrk-samarbejde-og-og-trivsel-og-effektivitet","status":"publish","type":"page","link":"https:\/\/hellegransgaard.dk\/","title":{"rendered":"Psykologisk tryghed skal leve i praksis"},"content":{"rendered":"\n<div class=\"wp-block-group\"><div class=\"wp-block-group__inner-container is-layout-flow wp-block-group-is-layout-flow\">\n<p>Psykologisk tryghed skal leve ude i praksis og ikke kun p\u00e5 lederens bord eller til et \u00e5rligt medarbejderm\u00f8de.<\/p>\n\n\n\n<p><strong>Med Psykologisk tryghed i praksis, <\/strong>tilbyder jeg <a href=\"https:\/\/hellegransgaard.dk\/index.php\/foredrag-og-workshops\/\" data-type=\"page\" data-id=\"221\">foredrag og workshops<\/a>, hvor vi veksler mellem teori og \u00f8velser. I kommer til at grine sammen, have dialog og kommer op af stolene. Gennem oplevelsen f\u00e5r I bevidsthed om jeres egen rolle for den psykologiske tryghed og tr\u00e6ner psykologisk tryghed blandt jer.<\/p>\n\n\n\n<p>Med jer f\u00e5r I lette, konkrete v\u00e6rkt\u00f8jer til at arbejde med psykologisk tryghed fremadrettet &#8211; Ikke kun som teoretisk buzzord, men som rammer, adf\u00e6rd og mindset, der lever i praksis.<\/p>\n\n\n\n<p><strong>Psykologisk tryghed <\/strong>er til stede, n\u00e5r alle trygt kan bruge hele deres viden uden frygt for at blive afvist, grint af eller m\u00f8dt med vrede. Psykologisk tryghed er svarene p\u00e5 mange af de komplekse problemer, vi st\u00e5r med i arbejdslivet i dag, som mistrivsel, 0-fejls-mindset, manglende anerkendelse, siloer eller manglende indflydelse p\u00e5 eget arbejde. <a href=\"https:\/\/hellegransgaard.dk\/index.php\/psykologisk-tryghed\/\" data-type=\"page\" data-id=\"20\">L\u00e6s mere om psykologisk tryghed<\/a><\/p>\n\n\n\n<p><strong>M\u00e5lgruppen for kurser og foredrag <\/strong>er afdelinger, teams og samarbejdsrelationer med forskellige fagligheder, som \u00f8nsker at arbejde mere tv\u00e6rfagligt og teams og grupper med samme faglighed, der \u00f8nsker at styrke samarbejdet i gruppen. Det kan v\u00e6re for eksempel social- og sundhedspersonale, konsulenter, l\u00e6rere, socialr\u00e5dgivere og sagsbehandlere eller NGO-medarbejdere. <a href=\"https:\/\/hellegransgaard.dk\/index.php\/kontakt-og-om\/\" data-type=\"page\" data-id=\"21\">L\u00e6s mere om m\u00e5lgrupper og brancher.<\/a><\/p>\n\n\n\n<p><strong>Altid tilpasset. <\/strong>Alle virksomheder og organisationer er forskellige fra de andre. Der er forskellige baggrunde, faggrupper, perspektiver og udfordringer. Derfor tilpasser jeg altid kurser og foredrag til jer, jeres udfordringer og ud fra jeres \u00f8nsker.<\/p>\n\n\n\n<p><strong>Ledelsens ansvar <\/strong>for psykologisk tryghed p\u00e5 arbejdspladsen er det st\u00f8rste, da ledere kan ops\u00e6tte strukturer og rammer, hvor psykologisk tryghed kan leve. <a href=\"https:\/\/hellegransgaard.dk\/index.php\/til-ledere\/\" data-type=\"page\" data-id=\"17\">L\u00e6s mere om tilbud til ledere.<\/a><\/p>\n\n\n\n<p><a href=\"https:\/\/hellegransgaard.dk\/index.php\/kontakt-og-om\/\" data-type=\"page\" data-id=\"21\">Kontakt mig<\/a> for en uforpligtende samtale om, hvad der passer hos jer.<\/p>\n<\/div><\/div>\n\n\n\n<p><\/p>\n\n\n\n<p><\/p>\n","protected":false},"excerpt":{"rendered":"<p>Psykologisk tryghed skal leve ude i praksis og ikke kun p\u00e5 lederens bord eller til et \u00e5rligt medarbejderm\u00f8de. Med Psykologisk tryghed i praksis, tilbyder jeg foredrag og workshops, hvor vi veksler mellem teori og \u00f8velser. I kommer til at grine&hellip; <\/p>\n","protected":false},"author":1,"featured_media":206,"parent":0,"menu_order":0,"comment_status":"closed","ping_status":"closed","template":"","meta":{"footnotes":""},"class_list":["post-9","page","type-page","status-publish","has-post-thumbnail","hentry"],"_links":{"self":[{"href":"https:\/\/hellegransgaard.dk\/index.php\/wp-json\/wp\/v2\/pages\/9","targetHints":{"allow":["GET"]}}],"collection":[{"href":"https:\/\/hellegransgaard.dk\/index.php\/wp-json\/wp\/v2\/pages"}],"about":[{"href":"https:\/\/hellegransgaard.dk\/index.php\/wp-json\/wp\/v2\/types\/page"}],"author":[{"embeddable":true,"href":"https:\/\/hellegransgaard.dk\/index.php\/wp-json\/wp\/v2\/users\/1"}],"replies":[{"embeddable":true,"href":"https:\/\/hellegransgaard.dk\/index.php\/wp-json\/wp\/v2\/comments?post=9"}],"version-history":[{"count":15,"href":"https:\/\/hellegransgaard.dk\/index.php\/wp-json\/wp\/v2\/pages\/9\/revisions"}],"predecessor-version":[{"id":240,"href":"https:\/\/hellegransgaard.dk\/index.php\/wp-json\/wp\/v2\/pages\/9\/revisions\/240"}],"wp:featuredmedia":[{"embeddable":true,"href":"https:\/\/hellegransgaard.dk\/index.php\/wp-json\/wp\/v2\/media\/206"}],"wp:attachment":[{"href":"https:\/\/hellegransgaard.dk\/index.php\/wp-json\/wp\/v2\/media?parent=9"}],"curies":[{"name":"wp","href":"https:\/\/api.w.org\/{rel}","templated":true}]}}