{"id":17,"date":"2022-02-16T10:09:12","date_gmt":"2022-02-16T10:09:12","guid":{"rendered":"http:\/\/hellegransgaard.dk\/?page_id=17"},"modified":"2023-04-21T15:28:21","modified_gmt":"2023-04-21T15:28:21","slug":"til-ledere","status":"publish","type":"page","link":"https:\/\/hellegransgaard.dk\/index.php\/til-ledere\/","title":{"rendered":"Ledersparring og -r\u00e5dgivning"},"content":{"rendered":"\n<div class=\"wp-block-group\"><div class=\"wp-block-group__inner-container is-layout-flow wp-block-group-is-layout-flow\">\n<p>Som leder kan du vise vejen eller st\u00e5 i vejen for psykologiske tryghed.<\/p>\n\n\n\n<p>Ledersparring og r\u00e5dgivning om psykologisk tryghed kan for eksempel indholde:<\/p>\n\n\n\n<ul class=\"wp-block-list\">\n<li>Indf\u00f8ring i psykologisk tryghed og det organisatoriske og individuelle ansvar<\/li>\n\n\n\n<li>Kortl\u00e6gning af muligheder og udfordringer hos jer<\/li>\n\n\n\n<li>Udarbejde rammer for at psykologisk tryghed kan leve p\u00e5 virksomheden<\/li>\n\n\n\n<li>Sparring om leders adf\u00e6rd og mindset<\/li>\n\n\n\n<li>R\u00e5dgivning om psykologisk tryghed i situationer<\/li>\n\n\n\n<li>Udvikling af \u00f8velser, lederen kan f\u00f8re videre ud i teamet til at \u00f8ge psykologisk tryghed<\/li>\n<\/ul>\n\n\n\n<p>Emner i ledersparring kan for eksempel v\u00e6re:<\/p>\n\n\n\n<ul class=\"wp-block-list\">\n<li>Mistrivsel i teamet<\/li>\n\n\n\n<li>Tavshed i teamet<\/li>\n\n\n\n<li>0-fejlskultur<\/li>\n\n\n\n<li><span style=\"background-color: var(--nv-site-bg); color: var(--nv-text-color); font-family: var(--bodyfontfamily); font-size: var(--bodyfontsize); font-weight: var(--bodyfontweight); letter-spacing: var(--bodyletterspacing); text-transform: var(--bodytexttransform);\">Samarbejde<\/span><\/li>\n\n\n\n<li>Innovation og udvikling<\/li>\n<\/ul>\n\n\n\n<p>Pris: Klippekort til 5 timers ledersparring: 6.000 kr. ekskl. Moms.<\/p>\n\n\n\n<p>Du er altid velkommen til at ringe med en foresp\u00f8rgsel eller konkret problemstilling, hvorefter vi kan aftale et forl\u00f8b tilpasset dig. Hvis jeg ikke er den rette til opgaven, kan jeg henvise til andre.<\/p>\n<\/div><\/div>\n","protected":false},"excerpt":{"rendered":"<p>Som leder kan du vise vejen eller st\u00e5 i vejen for psykologiske tryghed. Ledersparring og r\u00e5dgivning om psykologisk tryghed kan for eksempel indholde: Emner i ledersparring kan for eksempel v\u00e6re: Pris: Klippekort til 5 timers ledersparring: 6.000 kr. ekskl. Moms.&hellip; <\/p>\n","protected":false},"author":1,"featured_media":0,"parent":0,"menu_order":0,"comment_status":"closed","ping_status":"closed","template":"","meta":{"footnotes":""},"class_list":["post-17","page","type-page","status-publish","hentry"],"_links":{"self":[{"href":"https:\/\/hellegransgaard.dk\/index.php\/wp-json\/wp\/v2\/pages\/17","targetHints":{"allow":["GET"]}}],"collection":[{"href":"https:\/\/hellegransgaard.dk\/index.php\/wp-json\/wp\/v2\/pages"}],"about":[{"href":"https:\/\/hellegransgaard.dk\/index.php\/wp-json\/wp\/v2\/types\/page"}],"author":[{"embeddable":true,"href":"https:\/\/hellegransgaard.dk\/index.php\/wp-json\/wp\/v2\/users\/1"}],"replies":[{"embeddable":true,"href":"https:\/\/hellegransgaard.dk\/index.php\/wp-json\/wp\/v2\/comments?post=17"}],"version-history":[{"count":8,"href":"https:\/\/hellegransgaard.dk\/index.php\/wp-json\/wp\/v2\/pages\/17\/revisions"}],"predecessor-version":[{"id":164,"href":"https:\/\/hellegransgaard.dk\/index.php\/wp-json\/wp\/v2\/pages\/17\/revisions\/164"}],"wp:attachment":[{"href":"https:\/\/hellegransgaard.dk\/index.php\/wp-json\/wp\/v2\/media?parent=17"}],"curies":[{"name":"wp","href":"https:\/\/api.w.org\/{rel}","templated":true}]}}